{"id":85,"date":"2025-08-07T08:12:17","date_gmt":"2025-08-07T08:12:17","guid":{"rendered":"https:\/\/pxl-home.com\/?page_id=85"},"modified":"2025-08-13T10:13:47","modified_gmt":"2025-08-13T10:13:47","slug":"refund-policy","status":"publish","type":"page","link":"https:\/\/pxl-home.com\/cs\/refund-policy\/","title":{"rendered":"Z\u00e1sady vracen\u00ed pen\u011bz"},"content":{"rendered":"<div class=\"wp-block-columns is-layout-flex wp-container-core-columns-is-layout-9d6595d7 wp-block-columns-is-layout-flex\">\n<div class=\"wp-block-column is-layout-flow wp-block-column-is-layout-flow\">\n<h2 class=\"wp-block-heading\">N\u00e1rok na vr\u00e1cen\u00ed pen\u011bz<\/h2>\n<\/div>\n\n\n\n<div class=\"wp-block-column is-layout-flow wp-block-column-is-layout-flow\">\n<p><strong>A. <\/strong>Ve spole\u010dnosti Pixelpoints s.r.o. usilujeme o va\u0161i naprostou spokojenost s na\u0161imi slu\u017ebami. Jsme si v\u011bdomi toho, \u017ee n\u011bkdy doch\u00e1z\u00ed k chyb\u00e1m, a proto jsme zde, abychom v\u00e1m pomohli.<\/p>\n\n\n\n<p><strong>B. <\/strong>Vr\u00e1cen\u00ed pen\u011bz je mo\u017en\u00e9 za n\u00e1sleduj\u00edc\u00edch podm\u00ednek:<\/p>\n\n\n\n<ul class=\"wp-block-list\">\n<li><strong>\u0160patn\u00fd n\u00e1kup pl\u00e1nu<\/strong>: Pokud omylem zakoup\u00edte nespr\u00e1vn\u00fd tarif, pom\u016f\u017eeme v\u00e1m naj\u00edt a vybrat vhodn\u011bj\u0161\u00ed tarif. Pokud bude nov\u00fd tarif levn\u011bj\u0161\u00ed ne\u017e v\u00e1\u0161 p\u016fvodn\u00ed n\u00e1kup, vr\u00e1t\u00edme v\u00e1m rozd\u00edl v cen\u011b.<\/li>\n\n\n\n<li><strong>Chyby v platb\u00e1ch<\/strong>: Pokud dojde k n\u00e1hodn\u00e9mu p\u0159eplatku nebo jin\u00e9 chyb\u011b v platb\u011b, vr\u00e1t\u00edme p\u0159eplatek.<\/li>\n<\/ul>\n\n\n\n<p><strong>C.<\/strong> Vezm\u011bte pros\u00edm na v\u011bdom\u00ed n\u00e1sleduj\u00edc\u00ed podm\u00ednky:<\/p>\n\n\n\n<ul class=\"wp-block-list\">\n<li>Vr\u00e1cen\u00ed pen\u011bz je mo\u017en\u00e9 pouze za n\u00e1kupy uskute\u010dn\u011bn\u00e9 p\u0159\u00edmo prost\u0159ednictv\u00edm spole\u010dnosti PXL Home.<\/li>\n\n\n\n<li>Chcete-li po\u017e\u00e1dat o vr\u00e1cen\u00ed pen\u011bz, kontaktujte n\u00e1\u0161 t\u00fdm z\u00e1kaznick\u00e9 podpory na adrese <a href=\"mailto:info@pxl-home.com\">info@pxl-home.com<\/a> s \u00fadaji o objedn\u00e1vce a d\u016fvodem vr\u00e1cen\u00ed pen\u011bz.<\/li>\n\n\n\n<li>Vr\u00e1cen\u00ed pen\u011bz bude zpracov\u00e1no pomoc\u00ed p\u016fvodn\u00edho zp\u016fsobu platby a m\u016f\u017ee trvat n\u011bkolik pracovn\u00edch dn\u016f, ne\u017e se objev\u00ed na va\u0161em \u00fa\u010dtu.<\/li>\n<\/ul>\n\n\n\n<p><strong>D. <\/strong>Na\u0161\u00edm c\u00edlem je poskytovat vynikaj\u00edc\u00ed slu\u017eby z\u00e1kazn\u00edk\u016fm a zajistit va\u0161i spokojenost se slu\u017ebami spole\u010dnosti PXL Home.<\/p>\n<\/div>\n<\/div>\n\n\n\n<div class=\"wp-block-columns is-layout-flex wp-container-core-columns-is-layout-9d6595d7 wp-block-columns-is-layout-flex\">\n<div class=\"wp-block-column is-layout-flow wp-block-column-is-layout-flow\">\n<h2 class=\"wp-block-heading\">Spojte se s n\u00e1mi<\/h2>\n<\/div>\n\n\n\n<div class=\"wp-block-column is-layout-flow wp-block-column-is-layout-flow\">\n<p>A. Pokud m\u00e1te jak\u00e9koli dotazy nebo obavy ohledn\u011b na\u0161ich z\u00e1sad pro vracen\u00ed pen\u011bz, kontaktujte n\u00e1s pros\u00edm na adrese:<\/p>\n\n\n\n<figure class=\"wp-block-table\"><table class=\"has-fixed-layout\"><tbody><tr><td><strong>Telefon:<\/strong> <br><a href=\"tel:+420910927699\">+420910927699<\/a><\/td><\/tr><tr><td><strong>E-mail:<\/strong> <br><a href=\"mailto:info@pxl-home.com\">info@pxl-home.com<\/a><\/td><\/tr><tr><td><strong>Kontaktn\u00ed formul\u00e1\u0159<\/strong>: <br><a href=\"https:\/\/pxl-home.com\/cs\/reach-out\/\">https:\/\/pxl-home.com\/reach-out\/<\/a><\/td><\/tr><\/tbody><\/table><\/figure>\n<\/div>\n<\/div>","protected":false},"excerpt":{"rendered":"<p>Refund Eligibility A. At&nbsp; Pixelpoints s.r.o., we aim to ensure your complete satisfaction with our services. We recognize that sometimes errors occur, and we are here to help. B. Refunds are available under the following conditions: C. Please note the following conditions: D. We are dedicated to providing outstanding customer service and ensuring your satisfaction [&hellip;]<\/p>","protected":false},"author":1,"featured_media":0,"parent":0,"menu_order":0,"comment_status":"closed","ping_status":"closed","template":"templates-pages\/policy.php","meta":{"_acf_changed":false,"footnotes":""},"class_list":["post-85","page","type-page","status-publish","hentry"],"acf":[],"yoast_head":"<!-- This site is optimized with the Yoast SEO plugin v27.4 - https:\/\/yoast.com\/product\/yoast-seo-wordpress\/ -->\n<title>Refund Policy - pxl-home.com<\/title>\n<meta name=\"robots\" content=\"index, follow, max-snippet:-1, max-image-preview:large, max-video-preview:-1\" \/>\n<link rel=\"canonical\" href=\"https:\/\/pxl-home.com\/cs\/refund-policy\/\" \/>\n<meta property=\"og:locale\" content=\"cs_CZ\" \/>\n<meta property=\"og:type\" content=\"article\" \/>\n<meta property=\"og:title\" content=\"Refund Policy - pxl-home.com\" \/>\n<meta property=\"og:description\" content=\"Refund Eligibility A. At&nbsp; Pixelpoints s.r.o., we aim to ensure your complete satisfaction with our services. We recognize that sometimes errors occur, and we are here to help. B. Refunds are available under the following conditions: C. Please note the following conditions: D. We are dedicated to providing outstanding customer service and ensuring your satisfaction [&hellip;]\" \/>\n<meta property=\"og:url\" content=\"https:\/\/pxl-home.com\/cs\/refund-policy\/\" \/>\n<meta property=\"og:site_name\" content=\"pxl-home.com\" \/>\n<meta property=\"article:modified_time\" content=\"2025-08-13T10:13:47+00:00\" \/>\n<meta name=\"twitter:card\" content=\"summary_large_image\" \/>\n<meta name=\"twitter:label1\" content=\"Odhadovan\u00e1 doba \u010dten\u00ed\" \/>\n\t<meta name=\"twitter:data1\" content=\"1 minuta\" \/>\n<script type=\"application\/ld+json\" class=\"yoast-schema-graph\">{\"@context\":\"https:\\\/\\\/schema.org\",\"@graph\":[{\"@type\":\"WebPage\",\"@id\":\"https:\\\/\\\/pxl-home.com\\\/refund-policy\\\/\",\"url\":\"https:\\\/\\\/pxl-home.com\\\/refund-policy\\\/\",\"name\":\"Refund Policy - pxl-home.com\",\"isPartOf\":{\"@id\":\"https:\\\/\\\/pxl-home.com\\\/#website\"},\"datePublished\":\"2025-08-07T08:12:17+00:00\",\"dateModified\":\"2025-08-13T10:13:47+00:00\",\"breadcrumb\":{\"@id\":\"https:\\\/\\\/pxl-home.com\\\/refund-policy\\\/#breadcrumb\"},\"inLanguage\":\"cs\",\"potentialAction\":[{\"@type\":\"ReadAction\",\"target\":[\"https:\\\/\\\/pxl-home.com\\\/refund-policy\\\/\"]}]},{\"@type\":\"BreadcrumbList\",\"@id\":\"https:\\\/\\\/pxl-home.com\\\/refund-policy\\\/#breadcrumb\",\"itemListElement\":[{\"@type\":\"ListItem\",\"position\":1,\"name\":\"Home\",\"item\":\"https:\\\/\\\/pxl-home.com\\\/\"},{\"@type\":\"ListItem\",\"position\":2,\"name\":\"Refund Policy\"}]},{\"@type\":\"WebSite\",\"@id\":\"https:\\\/\\\/pxl-home.com\\\/#website\",\"url\":\"https:\\\/\\\/pxl-home.com\\\/\",\"name\":\"pxl-home.com\",\"description\":\"\",\"potentialAction\":[{\"@type\":\"SearchAction\",\"target\":{\"@type\":\"EntryPoint\",\"urlTemplate\":\"https:\\\/\\\/pxl-home.com\\\/?s={search_term_string}\"},\"query-input\":{\"@type\":\"PropertyValueSpecification\",\"valueRequired\":true,\"valueName\":\"search_term_string\"}}],\"inLanguage\":\"cs\"}]}<\/script>\n<!-- \/ Yoast SEO plugin. -->","yoast_head_json":{"title":"Refund Policy - pxl-home.com","robots":{"index":"index","follow":"follow","max-snippet":"max-snippet:-1","max-image-preview":"max-image-preview:large","max-video-preview":"max-video-preview:-1"},"canonical":"https:\/\/pxl-home.com\/cs\/refund-policy\/","og_locale":"cs_CZ","og_type":"article","og_title":"Refund Policy - pxl-home.com","og_description":"Refund Eligibility A. At&nbsp; Pixelpoints s.r.o., we aim to ensure your complete satisfaction with our services. We recognize that sometimes errors occur, and we are here to help. B. Refunds are available under the following conditions: C. Please note the following conditions: D. We are dedicated to providing outstanding customer service and ensuring your satisfaction [&hellip;]","og_url":"https:\/\/pxl-home.com\/cs\/refund-policy\/","og_site_name":"pxl-home.com","article_modified_time":"2025-08-13T10:13:47+00:00","twitter_card":"summary_large_image","twitter_misc":{"Odhadovan\u00e1 doba \u010dten\u00ed":"1 minuta"},"schema":{"@context":"https:\/\/schema.org","@graph":[{"@type":"WebPage","@id":"https:\/\/pxl-home.com\/refund-policy\/","url":"https:\/\/pxl-home.com\/refund-policy\/","name":"Refund Policy - pxl-home.com","isPartOf":{"@id":"https:\/\/pxl-home.com\/#website"},"datePublished":"2025-08-07T08:12:17+00:00","dateModified":"2025-08-13T10:13:47+00:00","breadcrumb":{"@id":"https:\/\/pxl-home.com\/refund-policy\/#breadcrumb"},"inLanguage":"cs","potentialAction":[{"@type":"ReadAction","target":["https:\/\/pxl-home.com\/refund-policy\/"]}]},{"@type":"BreadcrumbList","@id":"https:\/\/pxl-home.com\/refund-policy\/#breadcrumb","itemListElement":[{"@type":"ListItem","position":1,"name":"Home","item":"https:\/\/pxl-home.com\/"},{"@type":"ListItem","position":2,"name":"Refund Policy"}]},{"@type":"WebSite","@id":"https:\/\/pxl-home.com\/#website","url":"https:\/\/pxl-home.com\/","name":"pxl-home.com","description":"","potentialAction":[{"@type":"SearchAction","target":{"@type":"EntryPoint","urlTemplate":"https:\/\/pxl-home.com\/?s={search_term_string}"},"query-input":{"@type":"PropertyValueSpecification","valueRequired":true,"valueName":"search_term_string"}}],"inLanguage":"cs"}]}},"_links":{"self":[{"href":"https:\/\/pxl-home.com\/cs\/wp-json\/wp\/v2\/pages\/85","targetHints":{"allow":["GET"]}}],"collection":[{"href":"https:\/\/pxl-home.com\/cs\/wp-json\/wp\/v2\/pages"}],"about":[{"href":"https:\/\/pxl-home.com\/cs\/wp-json\/wp\/v2\/types\/page"}],"author":[{"embeddable":true,"href":"https:\/\/pxl-home.com\/cs\/wp-json\/wp\/v2\/users\/1"}],"replies":[{"embeddable":true,"href":"https:\/\/pxl-home.com\/cs\/wp-json\/wp\/v2\/comments?post=85"}],"version-history":[{"count":3,"href":"https:\/\/pxl-home.com\/cs\/wp-json\/wp\/v2\/pages\/85\/revisions"}],"predecessor-version":[{"id":1458,"href":"https:\/\/pxl-home.com\/cs\/wp-json\/wp\/v2\/pages\/85\/revisions\/1458"}],"wp:attachment":[{"href":"https:\/\/pxl-home.com\/cs\/wp-json\/wp\/v2\/media?parent=85"}],"curies":[{"name":"wp","href":"https:\/\/api.w.org\/{rel}","templated":true}]}}