{"id":44,"date":"2025-07-29T09:12:05","date_gmt":"2025-07-29T09:12:05","guid":{"rendered":"https:\/\/pxl-home.com\/?page_id=44"},"modified":"2025-08-11T11:32:16","modified_gmt":"2025-08-11T11:32:16","slug":"your-perfect-plan","status":"publish","type":"page","link":"https:\/\/pxl-home.com\/cs\/your-perfect-plan\/","title":{"rendered":"V\u00e1\u0161 dokonal\u00fd pl\u00e1n"},"content":{"rendered":"","protected":false},"excerpt":{"rendered":"","protected":false},"author":1,"featured_media":0,"parent":0,"menu_order":0,"comment_status":"closed","ping_status":"closed","template":"templates-pages\/your-perfect-plan.php","meta":{"_acf_changed":false,"footnotes":""},"class_list":["post-44","page","type-page","status-publish","hentry"],"acf":[],"yoast_head":"<!-- This site is optimized with the Yoast SEO plugin v27.4 - https:\/\/yoast.com\/product\/yoast-seo-wordpress\/ -->\n<title>Your Perfect Home Plan \u2013 Customizable Options at PXL Home<\/title>\n<meta name=\"description\" content=\"Find and personalize your ideal home plan at PXL Home. Customize layouts, features, and finishes to create the perfect design tailored to your needs.\" \/>\n<meta name=\"robots\" content=\"index, follow, max-snippet:-1, max-image-preview:large, max-video-preview:-1\" \/>\n<link rel=\"canonical\" href=\"https:\/\/pxl-home.com\/cs\/your-perfect-plan\/\" \/>\n<meta property=\"og:locale\" content=\"cs_CZ\" \/>\n<meta property=\"og:type\" content=\"article\" \/>\n<meta property=\"og:title\" content=\"Your Perfect Home Plan \u2013 Customizable Options at PXL Home\" \/>\n<meta property=\"og:description\" content=\"Find and personalize your ideal home plan at PXL Home. Customize layouts, features, and finishes to create the perfect design tailored to your needs.\" \/>\n<meta property=\"og:url\" content=\"https:\/\/pxl-home.com\/cs\/your-perfect-plan\/\" \/>\n<meta property=\"og:site_name\" content=\"pxl-home.com\" \/>\n<meta property=\"article:modified_time\" content=\"2025-08-11T11:32:16+00:00\" \/>\n<meta name=\"twitter:card\" content=\"summary_large_image\" \/>\n<script type=\"application\/ld+json\" class=\"yoast-schema-graph\">{\"@context\":\"https:\\\/\\\/schema.org\",\"@graph\":[{\"@type\":\"WebPage\",\"@id\":\"https:\\\/\\\/pxl-home.com\\\/your-perfect-plan\\\/\",\"url\":\"https:\\\/\\\/pxl-home.com\\\/your-perfect-plan\\\/\",\"name\":\"Your Perfect Home Plan \u2013 Customizable Options at PXL Home\",\"isPartOf\":{\"@id\":\"https:\\\/\\\/pxl-home.com\\\/#website\"},\"datePublished\":\"2025-07-29T09:12:05+00:00\",\"dateModified\":\"2025-08-11T11:32:16+00:00\",\"description\":\"Find and personalize your ideal home plan at PXL Home. Customize layouts, features, and finishes to create the perfect design tailored to your needs.\",\"breadcrumb\":{\"@id\":\"https:\\\/\\\/pxl-home.com\\\/your-perfect-plan\\\/#breadcrumb\"},\"inLanguage\":\"cs\",\"potentialAction\":[{\"@type\":\"ReadAction\",\"target\":[\"https:\\\/\\\/pxl-home.com\\\/your-perfect-plan\\\/\"]}]},{\"@type\":\"BreadcrumbList\",\"@id\":\"https:\\\/\\\/pxl-home.com\\\/your-perfect-plan\\\/#breadcrumb\",\"itemListElement\":[{\"@type\":\"ListItem\",\"position\":1,\"name\":\"Home\",\"item\":\"https:\\\/\\\/pxl-home.com\\\/\"},{\"@type\":\"ListItem\",\"position\":2,\"name\":\"Your Perfect Plan\"}]},{\"@type\":\"WebSite\",\"@id\":\"https:\\\/\\\/pxl-home.com\\\/#website\",\"url\":\"https:\\\/\\\/pxl-home.com\\\/\",\"name\":\"pxl-home.com\",\"description\":\"\",\"potentialAction\":[{\"@type\":\"SearchAction\",\"target\":{\"@type\":\"EntryPoint\",\"urlTemplate\":\"https:\\\/\\\/pxl-home.com\\\/?s={search_term_string}\"},\"query-input\":{\"@type\":\"PropertyValueSpecification\",\"valueRequired\":true,\"valueName\":\"search_term_string\"}}],\"inLanguage\":\"cs\"}]}<\/script>\n<!-- \/ Yoast SEO plugin. -->","yoast_head_json":{"title":"Your Perfect Home Plan \u2013 Customizable Options at PXL Home","description":"Find and personalize your ideal home plan at PXL Home. Customize layouts, features, and finishes to create the perfect design tailored to your needs.","robots":{"index":"index","follow":"follow","max-snippet":"max-snippet:-1","max-image-preview":"max-image-preview:large","max-video-preview":"max-video-preview:-1"},"canonical":"https:\/\/pxl-home.com\/cs\/your-perfect-plan\/","og_locale":"cs_CZ","og_type":"article","og_title":"Your Perfect Home Plan \u2013 Customizable Options at PXL Home","og_description":"Find and personalize your ideal home plan at PXL Home. Customize layouts, features, and finishes to create the perfect design tailored to your needs.","og_url":"https:\/\/pxl-home.com\/cs\/your-perfect-plan\/","og_site_name":"pxl-home.com","article_modified_time":"2025-08-11T11:32:16+00:00","twitter_card":"summary_large_image","schema":{"@context":"https:\/\/schema.org","@graph":[{"@type":"WebPage","@id":"https:\/\/pxl-home.com\/your-perfect-plan\/","url":"https:\/\/pxl-home.com\/your-perfect-plan\/","name":"Your Perfect Home Plan \u2013 Customizable Options at PXL Home","isPartOf":{"@id":"https:\/\/pxl-home.com\/#website"},"datePublished":"2025-07-29T09:12:05+00:00","dateModified":"2025-08-11T11:32:16+00:00","description":"Find and personalize your ideal home plan at PXL Home. Customize layouts, features, and finishes to create the perfect design tailored to your needs.","breadcrumb":{"@id":"https:\/\/pxl-home.com\/your-perfect-plan\/#breadcrumb"},"inLanguage":"cs","potentialAction":[{"@type":"ReadAction","target":["https:\/\/pxl-home.com\/your-perfect-plan\/"]}]},{"@type":"BreadcrumbList","@id":"https:\/\/pxl-home.com\/your-perfect-plan\/#breadcrumb","itemListElement":[{"@type":"ListItem","position":1,"name":"Home","item":"https:\/\/pxl-home.com\/"},{"@type":"ListItem","position":2,"name":"Your Perfect Plan"}]},{"@type":"WebSite","@id":"https:\/\/pxl-home.com\/#website","url":"https:\/\/pxl-home.com\/","name":"pxl-home.com","description":"","potentialAction":[{"@type":"SearchAction","target":{"@type":"EntryPoint","urlTemplate":"https:\/\/pxl-home.com\/?s={search_term_string}"},"query-input":{"@type":"PropertyValueSpecification","valueRequired":true,"valueName":"search_term_string"}}],"inLanguage":"cs"}]}},"_links":{"self":[{"href":"https:\/\/pxl-home.com\/cs\/wp-json\/wp\/v2\/pages\/44","targetHints":{"allow":["GET"]}}],"collection":[{"href":"https:\/\/pxl-home.com\/cs\/wp-json\/wp\/v2\/pages"}],"about":[{"href":"https:\/\/pxl-home.com\/cs\/wp-json\/wp\/v2\/types\/page"}],"author":[{"embeddable":true,"href":"https:\/\/pxl-home.com\/cs\/wp-json\/wp\/v2\/users\/1"}],"replies":[{"embeddable":true,"href":"https:\/\/pxl-home.com\/cs\/wp-json\/wp\/v2\/comments?post=44"}],"version-history":[{"count":1,"href":"https:\/\/pxl-home.com\/cs\/wp-json\/wp\/v2\/pages\/44\/revisions"}],"predecessor-version":[{"id":45,"href":"https:\/\/pxl-home.com\/cs\/wp-json\/wp\/v2\/pages\/44\/revisions\/45"}],"wp:attachment":[{"href":"https:\/\/pxl-home.com\/cs\/wp-json\/wp\/v2\/media?parent=44"}],"curies":[{"name":"wp","href":"https:\/\/api.w.org\/{rel}","templated":true}]}}