{"id":1377,"date":"2025-08-07T08:27:12","date_gmt":"2025-08-07T08:27:12","guid":{"rendered":"https:\/\/pxl-home.com\/?page_id=1377"},"modified":"2025-08-13T10:14:21","modified_gmt":"2025-08-13T10:14:21","slug":"cookie-policy","status":"publish","type":"page","link":"https:\/\/pxl-home.com\/cs\/cookie-policy\/","title":{"rendered":"Z\u00e1sady pou\u017e\u00edv\u00e1n\u00ed soubor\u016f cookie"},"content":{"rendered":"<p>A. Tyto z\u00e1sady pou\u017e\u00edv\u00e1n\u00ed soubor\u016f cookie vysv\u011btluj\u00ed, jak spole\u010dnost Pixelpoints s.r.o., registrovan\u00e1 na adrese.<strong> <\/strong>Pricna 1892\/4, Nov\u00e9 M\u011bsto (Praha 1), 110 00 Praha, \u010cesk\u00e1 republika s registra\u010dn\u00edm \u010d\u00edslem 23343010 (\"my\", \"n\u00e1s\" nebo \"na\u0161e\") pou\u017e\u00edv\u00e1 p\u0159i n\u00e1v\u0161t\u011bv\u011b na\u0161ich webov\u00fdch str\u00e1nek soubory cookie a podobn\u00e9 sledovac\u00ed technologie.<\/p>\n\n\n\n<div class=\"wp-block-columns is-layout-flex wp-container-core-columns-is-layout-9d6595d7 wp-block-columns-is-layout-flex\">\n<div class=\"wp-block-column is-layout-flow wp-block-column-is-layout-flow\">\n<h2 class=\"wp-block-heading\">Co jsou soubory cookie?<\/h2>\n<\/div>\n\n\n\n<div class=\"wp-block-column is-layout-flow wp-block-column-is-layout-flow\">\n<p><strong>A.<\/strong> Soubory cookie jsou mal\u00e9 texty, kter\u00e9 v\u00e1\u0161 webov\u00fd prohl\u00ed\u017ee\u010d odes\u00edl\u00e1 na nav\u0161t\u00edven\u00e9 webov\u00e9 str\u00e1nky. Soubor cookie je ulo\u017een ve va\u0161em webov\u00e9m prohl\u00ed\u017ee\u010di a umo\u017e\u0148uje webov\u00e9 str\u00e1nce nebo t\u0159et\u00ed stran\u011b rozpoznat v\u00e1s a usnadnit a zprovoznit va\u0161i p\u0159\u00ed\u0161t\u00ed n\u00e1v\u0161t\u011bvu.<\/p>\n\n\n\n<p><strong>B.<\/strong> Soubory cookie mohou b\u00fdt \"trval\u00e9\" nebo \"rela\u010dn\u00ed\". Trval\u00e9 soubory cookie z\u016fst\u00e1vaj\u00ed v po\u010d\u00edta\u010di nebo mobiln\u00edm za\u0159\u00edzen\u00ed, i kdy\u017e jste offline, zat\u00edmco soubory cookie relace se vyma\u017eou, kdy\u017e zav\u0159ete webov\u00fd prohl\u00ed\u017ee\u010d.<\/p>\n<\/div>\n<\/div>\n\n\n\n<div class=\"wp-block-columns is-layout-flex wp-container-core-columns-is-layout-9d6595d7 wp-block-columns-is-layout-flex\">\n<div class=\"wp-block-column is-layout-flow wp-block-column-is-layout-flow\">\n<h2 class=\"wp-block-heading\">Jak vyu\u017e\u00edv\u00e1me soubory cookie<\/h2>\n<\/div>\n\n\n\n<div class=\"wp-block-column is-layout-flow wp-block-column-is-layout-flow\">\n<p><strong>A. <\/strong>P\u0159i p\u0159\u00edstupu na na\u0161e webov\u00e9 str\u00e1nky m\u016f\u017eeme do va\u0161eho webov\u00e9ho prohl\u00ed\u017ee\u010de um\u00edstit n\u011bkolik soubor\u016f cookie.<\/p>\n\n\n\n<p><strong>B. <\/strong>Soubory cookie pou\u017e\u00edv\u00e1me k n\u00e1sleduj\u00edc\u00edm \u00fa\u010del\u016fm:<\/p>\n\n\n\n<ul class=\"wp-block-list\">\n<li><strong>Z\u00e1kladn\u00ed soubory cookie:<\/strong> Tyto soubory cookie jsou nezbytn\u00e9 pro spr\u00e1vn\u00e9 fungov\u00e1n\u00ed na\u0161ich webov\u00fdch str\u00e1nek a umo\u017e\u0148uj\u00ed z\u00e1kladn\u00ed funkce, jako je zabezpe\u010den\u00ed, spr\u00e1va s\u00edt\u011b a p\u0159\u00edstupnost. M\u016f\u017eete je vypnout zm\u011bnou nastaven\u00ed prohl\u00ed\u017ee\u010de, co\u017e ovlivn\u00ed fungov\u00e1n\u00ed webov\u00fdch str\u00e1nek.<\/li>\n\n\n\n<li><strong>Analytick\u00e9 soubory cookie: <\/strong>Tyto soubory cookie n\u00e1m umo\u017e\u0148uj\u00ed sledovat a analyzovat webov\u00fd provoz a zp\u016fsoby pou\u017e\u00edv\u00e1n\u00ed na\u0161ich webov\u00fdch str\u00e1nek. To n\u00e1m pom\u00e1h\u00e1 pochopit a zlep\u0161it v\u00fdkon a pou\u017eitelnost na\u0161ich webov\u00fdch str\u00e1nek.<\/li>\n\n\n\n<li><strong>Soubory cookie s preferencemi:<\/strong> Tyto soubory cookie umo\u017e\u0148uj\u00ed na\u0161im webov\u00fdm str\u00e1nk\u00e1m zapamatovat si informace, kter\u00e9 m\u011bn\u00ed zp\u016fsob, jak\u00fdm se webov\u00e9 str\u00e1nky chovaj\u00ed nebo jak vypadaj\u00ed, nap\u0159\u00edklad v\u00e1\u0161 preferovan\u00fd jazyk nebo region.<\/li>\n\n\n\n<li><strong>Marketingov\u00e9 soubory cookie:<\/strong> Tyto soubory cookie sleduj\u00ed n\u00e1v\u0161t\u011bvn\u00edky na r\u016fzn\u00fdch webov\u00fdch str\u00e1nk\u00e1ch. Z\u00e1m\u011brem je zobrazovat relevantn\u00ed a poutav\u00e9 reklamy pro jednotliv\u00e9 u\u017eivatele, co\u017e je pro vydavatele a inzerenty t\u0159et\u00edch stran cenn\u011bj\u0161\u00ed.<\/li>\n<\/ul>\n<\/div>\n<\/div>\n\n\n\n<div class=\"wp-block-columns is-layout-flex wp-container-core-columns-is-layout-9d6595d7 wp-block-columns-is-layout-flex\">\n<div class=\"wp-block-column is-layout-flow wp-block-column-is-layout-flow\">\n<h2 class=\"wp-block-heading\">Pou\u017e\u00edv\u00e1n\u00ed soubor\u016f cookie t\u0159et\u00edch stran<\/h2>\n<\/div>\n\n\n\n<div class=\"wp-block-column is-layout-flow wp-block-column-is-layout-flow\">\n<p><strong>A. <\/strong>Krom\u011b na\u0161ich soubor\u016f cookie m\u016f\u017eeme pou\u017e\u00edvat tak\u00e9 r\u016fzn\u00e9 soubory cookie t\u0159et\u00edch stran, kter\u00e9 n\u00e1m slou\u017e\u00ed k vykazov\u00e1n\u00ed statistik o pou\u017e\u00edv\u00e1n\u00ed, poskytov\u00e1n\u00ed reklam na webov\u00fdch str\u00e1nk\u00e1ch a jejich prost\u0159ednictv\u00edm atd.<\/p>\n\n\n\n<p><strong>B.<\/strong> Tito poskytovatel\u00e9 slu\u017eeb t\u0159et\u00edch stran maj\u00ed z\u00e1sady ochrany osobn\u00edch \u00fadaj\u016f t\u00fdkaj\u00edc\u00ed se zp\u016fsobu, jak\u00fdm tyto informace pou\u017e\u00edvaj\u00ed.<\/p>\n<\/div>\n<\/div>\n\n\n\n<div class=\"wp-block-columns is-layout-flex wp-container-core-columns-is-layout-9d6595d7 wp-block-columns-is-layout-flex\">\n<div class=\"wp-block-column is-layout-flow wp-block-column-is-layout-flow\">\n<h2 class=\"wp-block-heading\">P\u0159edvolby soubor\u016f cookie<\/h2>\n<\/div>\n\n\n\n<div class=\"wp-block-column is-layout-flow wp-block-column-is-layout-flow\">\n<p><strong>A.<\/strong> Pokud chcete soubory cookie odstranit nebo d\u00e1t sv\u00e9mu webov\u00e9mu prohl\u00ed\u017ee\u010di pokyn k odstran\u011bn\u00ed nebo odm\u00edtnut\u00ed soubor\u016f cookie, nav\u0161tivte str\u00e1nky n\u00e1pov\u011bdy sv\u00e9ho webov\u00e9ho prohl\u00ed\u017ee\u010de.<\/p>\n\n\n\n<p><strong>B. <\/strong>Upozor\u0148ujeme v\u0161ak, \u017ee pokud soubory cookie odstran\u00edte nebo je odm\u00edtnete p\u0159ijmout, nebudete moci vyu\u017e\u00edvat v\u0161echny funkce, kter\u00e9 nab\u00edz\u00edme, mo\u017en\u00e1 nebudete moci ulo\u017eit sv\u00e9 p\u0159edvolby a n\u011bkter\u00e9 na\u0161e str\u00e1nky se nemus\u00ed zobrazovat spr\u00e1vn\u011b.<\/p>\n<\/div>\n<\/div>\n\n\n\n<div class=\"wp-block-columns is-layout-flex wp-container-core-columns-is-layout-9d6595d7 wp-block-columns-is-layout-flex\">\n<div class=\"wp-block-column is-layout-flow wp-block-column-is-layout-flow\">\n<h2 class=\"wp-block-heading\">Aktualizace na\u0161ich z\u00e1sad pou\u017e\u00edv\u00e1n\u00ed soubor\u016f cookie<\/h2>\n<\/div>\n\n\n\n<div class=\"wp-block-column is-layout-flow wp-block-column-is-layout-flow\">\n<p><strong>A. <\/strong>Na\u0161e z\u00e1sady pou\u017e\u00edv\u00e1n\u00ed soubor\u016f cookie m\u016f\u017eeme \u010das od \u010dasu aktualizovat. O v\u0161ech zm\u011bn\u00e1ch v\u00e1s budeme informovat zve\u0159ejn\u011bn\u00edm nov\u00fdch Z\u00e1sad pou\u017e\u00edv\u00e1n\u00ed soubor\u016f cookie na t\u00e9to str\u00e1nce.<\/p>\n<\/div>\n<\/div>\n\n\n\n<div class=\"wp-block-columns is-layout-flex wp-container-core-columns-is-layout-9d6595d7 wp-block-columns-is-layout-flex\">\n<div class=\"wp-block-column is-layout-flow wp-block-column-is-layout-flow\">\n<h2 class=\"wp-block-heading\">Spojte se s n\u00e1mi<\/h2>\n<\/div>\n\n\n\n<div class=\"wp-block-column is-layout-flow wp-block-column-is-layout-flow\">\n<p><strong>A.<\/strong> Pokud m\u00e1te dotazy t\u00fdkaj\u00edc\u00ed se na\u0161ich z\u00e1sad pou\u017e\u00edv\u00e1n\u00ed soubor\u016f cookie, kontaktujte n\u00e1s na adrese:<\/p>\n\n\n\n<figure class=\"wp-block-table\"><table class=\"has-fixed-layout\"><tbody><tr><td><strong>Telefon:<\/strong> <br><a href=\"tel:+420910927699\">+420910927699<\/a><\/td><\/tr><tr><td><strong>E-mail:<\/strong> <br><a href=\"mailto:info@pxl-home.com\">info@pxl-home.com<\/a><\/td><\/tr><tr><td><strong>Kontaktn\u00ed formul\u00e1\u0159<\/strong>: <br><a href=\"https:\/\/pxl-home.com\/cs\/reach-out\/\">https:\/\/pxl-home.com\/reach-out\/<\/a><\/td><\/tr><\/tbody><\/table><\/figure>\n<\/div>\n<\/div>","protected":false},"excerpt":{"rendered":"<p>A. This Cookie Policy explains how Pixelpoints s.r.o., registered at Pricna 1892\/4, Nove Mesto (Prague 1), 110 00 Prague, Czech Republic with its registration number 23343010 (\u201cwe,\u201d \u201cus,\u201d or \u201cour\u201d) uses cookies and similar tracking technologies when you visit our website. What Are Cookies? A. Cookies are small text sent by your web browser to [&hellip;]<\/p>","protected":false},"author":1,"featured_media":0,"parent":0,"menu_order":0,"comment_status":"closed","ping_status":"closed","template":"templates-pages\/policy.php","meta":{"_acf_changed":false,"footnotes":""},"class_list":["post-1377","page","type-page","status-publish","hentry"],"acf":[],"yoast_head":"<!-- This site is optimized with the Yoast SEO plugin v27.4 - https:\/\/yoast.com\/product\/yoast-seo-wordpress\/ -->\n<title>Cookie Policy - pxl-home.com<\/title>\n<meta name=\"robots\" content=\"index, follow, max-snippet:-1, max-image-preview:large, max-video-preview:-1\" \/>\n<link rel=\"canonical\" href=\"https:\/\/pxl-home.com\/cs\/cookie-policy\/\" \/>\n<meta property=\"og:locale\" content=\"cs_CZ\" \/>\n<meta property=\"og:type\" content=\"article\" \/>\n<meta property=\"og:title\" content=\"Cookie Policy - pxl-home.com\" \/>\n<meta property=\"og:description\" content=\"A. This Cookie Policy explains how Pixelpoints s.r.o., registered at Pricna 1892\/4, Nove Mesto (Prague 1), 110 00 Prague, Czech Republic with its registration number 23343010 (\u201cwe,\u201d \u201cus,\u201d or \u201cour\u201d) uses cookies and similar tracking technologies when you visit our website. What Are Cookies? A. Cookies are small text sent by your web browser to [&hellip;]\" \/>\n<meta property=\"og:url\" content=\"https:\/\/pxl-home.com\/cs\/cookie-policy\/\" \/>\n<meta property=\"og:site_name\" content=\"pxl-home.com\" \/>\n<meta property=\"article:modified_time\" content=\"2025-08-13T10:14:21+00:00\" \/>\n<meta name=\"twitter:card\" content=\"summary_large_image\" \/>\n<meta name=\"twitter:label1\" content=\"Odhadovan\u00e1 doba \u010dten\u00ed\" \/>\n\t<meta name=\"twitter:data1\" content=\"2 minuty\" \/>\n<script type=\"application\/ld+json\" class=\"yoast-schema-graph\">{\"@context\":\"https:\\\/\\\/schema.org\",\"@graph\":[{\"@type\":\"WebPage\",\"@id\":\"https:\\\/\\\/pxl-home.com\\\/cookie-policy\\\/\",\"url\":\"https:\\\/\\\/pxl-home.com\\\/cookie-policy\\\/\",\"name\":\"Cookie Policy - pxl-home.com\",\"isPartOf\":{\"@id\":\"https:\\\/\\\/pxl-home.com\\\/#website\"},\"datePublished\":\"2025-08-07T08:27:12+00:00\",\"dateModified\":\"2025-08-13T10:14:21+00:00\",\"breadcrumb\":{\"@id\":\"https:\\\/\\\/pxl-home.com\\\/cookie-policy\\\/#breadcrumb\"},\"inLanguage\":\"cs\",\"potentialAction\":[{\"@type\":\"ReadAction\",\"target\":[\"https:\\\/\\\/pxl-home.com\\\/cookie-policy\\\/\"]}]},{\"@type\":\"BreadcrumbList\",\"@id\":\"https:\\\/\\\/pxl-home.com\\\/cookie-policy\\\/#breadcrumb\",\"itemListElement\":[{\"@type\":\"ListItem\",\"position\":1,\"name\":\"Home\",\"item\":\"https:\\\/\\\/pxl-home.com\\\/\"},{\"@type\":\"ListItem\",\"position\":2,\"name\":\"Cookie Policy\"}]},{\"@type\":\"WebSite\",\"@id\":\"https:\\\/\\\/pxl-home.com\\\/#website\",\"url\":\"https:\\\/\\\/pxl-home.com\\\/\",\"name\":\"pxl-home.com\",\"description\":\"\",\"potentialAction\":[{\"@type\":\"SearchAction\",\"target\":{\"@type\":\"EntryPoint\",\"urlTemplate\":\"https:\\\/\\\/pxl-home.com\\\/?s={search_term_string}\"},\"query-input\":{\"@type\":\"PropertyValueSpecification\",\"valueRequired\":true,\"valueName\":\"search_term_string\"}}],\"inLanguage\":\"cs\"}]}<\/script>\n<!-- \/ Yoast SEO plugin. -->","yoast_head_json":{"title":"Cookie Policy - pxl-home.com","robots":{"index":"index","follow":"follow","max-snippet":"max-snippet:-1","max-image-preview":"max-image-preview:large","max-video-preview":"max-video-preview:-1"},"canonical":"https:\/\/pxl-home.com\/cs\/cookie-policy\/","og_locale":"cs_CZ","og_type":"article","og_title":"Cookie Policy - pxl-home.com","og_description":"A. This Cookie Policy explains how Pixelpoints s.r.o., registered at Pricna 1892\/4, Nove Mesto (Prague 1), 110 00 Prague, Czech Republic with its registration number 23343010 (\u201cwe,\u201d \u201cus,\u201d or \u201cour\u201d) uses cookies and similar tracking technologies when you visit our website. What Are Cookies? A. Cookies are small text sent by your web browser to [&hellip;]","og_url":"https:\/\/pxl-home.com\/cs\/cookie-policy\/","og_site_name":"pxl-home.com","article_modified_time":"2025-08-13T10:14:21+00:00","twitter_card":"summary_large_image","twitter_misc":{"Odhadovan\u00e1 doba \u010dten\u00ed":"2 minuty"},"schema":{"@context":"https:\/\/schema.org","@graph":[{"@type":"WebPage","@id":"https:\/\/pxl-home.com\/cookie-policy\/","url":"https:\/\/pxl-home.com\/cookie-policy\/","name":"Cookie Policy - pxl-home.com","isPartOf":{"@id":"https:\/\/pxl-home.com\/#website"},"datePublished":"2025-08-07T08:27:12+00:00","dateModified":"2025-08-13T10:14:21+00:00","breadcrumb":{"@id":"https:\/\/pxl-home.com\/cookie-policy\/#breadcrumb"},"inLanguage":"cs","potentialAction":[{"@type":"ReadAction","target":["https:\/\/pxl-home.com\/cookie-policy\/"]}]},{"@type":"BreadcrumbList","@id":"https:\/\/pxl-home.com\/cookie-policy\/#breadcrumb","itemListElement":[{"@type":"ListItem","position":1,"name":"Home","item":"https:\/\/pxl-home.com\/"},{"@type":"ListItem","position":2,"name":"Cookie Policy"}]},{"@type":"WebSite","@id":"https:\/\/pxl-home.com\/#website","url":"https:\/\/pxl-home.com\/","name":"pxl-home.com","description":"","potentialAction":[{"@type":"SearchAction","target":{"@type":"EntryPoint","urlTemplate":"https:\/\/pxl-home.com\/?s={search_term_string}"},"query-input":{"@type":"PropertyValueSpecification","valueRequired":true,"valueName":"search_term_string"}}],"inLanguage":"cs"}]}},"_links":{"self":[{"href":"https:\/\/pxl-home.com\/cs\/wp-json\/wp\/v2\/pages\/1377","targetHints":{"allow":["GET"]}}],"collection":[{"href":"https:\/\/pxl-home.com\/cs\/wp-json\/wp\/v2\/pages"}],"about":[{"href":"https:\/\/pxl-home.com\/cs\/wp-json\/wp\/v2\/types\/page"}],"author":[{"embeddable":true,"href":"https:\/\/pxl-home.com\/cs\/wp-json\/wp\/v2\/users\/1"}],"replies":[{"embeddable":true,"href":"https:\/\/pxl-home.com\/cs\/wp-json\/wp\/v2\/comments?post=1377"}],"version-history":[{"count":3,"href":"https:\/\/pxl-home.com\/cs\/wp-json\/wp\/v2\/pages\/1377\/revisions"}],"predecessor-version":[{"id":1459,"href":"https:\/\/pxl-home.com\/cs\/wp-json\/wp\/v2\/pages\/1377\/revisions\/1459"}],"wp:attachment":[{"href":"https:\/\/pxl-home.com\/cs\/wp-json\/wp\/v2\/media?parent=1377"}],"curies":[{"name":"wp","href":"https:\/\/api.w.org\/{rel}","templated":true}]}}