{"id":1375,"date":"2025-08-07T08:14:46","date_gmt":"2025-08-07T08:14:46","guid":{"rendered":"https:\/\/pxl-home.com\/?page_id=1375"},"modified":"2025-08-12T08:52:24","modified_gmt":"2025-08-12T08:52:24","slug":"accessibility-statement","status":"publish","type":"page","link":"https:\/\/pxl-home.com\/cs\/accessibility-statement\/","title":{"rendered":"Prohl\u00e1\u0161en\u00ed o p\u0159\u00edstupnosti"},"content":{"rendered":"<div class=\"wp-block-group\"><div class=\"wp-block-group__inner-container is-layout-constrained wp-block-group-is-layout-constrained\">\n<p><strong>A.<\/strong> Spole\u010dnost Pixelpoints s.r.o., registrovan\u00e1 na adrese Pricna 1892\/4, Nov\u00e9 M\u011bsto (Praha 1), 110 00 Praha, \u010cesk\u00e1 republika, s registra\u010dn\u00edm \u010d\u00edslem 23343010, a p\u016fsob\u00edc\u00ed pod zna\u010dkou PXL Home, se zavazuje, \u017ee obsah na\u0161ich webov\u00fdch str\u00e1nek bude p\u0159\u00edstupn\u00fd a u\u017eivatelsky p\u0159\u00edv\u011btiv\u00fd pro ka\u017ed\u00e9ho.<\/p>\n\n\n\n<p><strong>B. <\/strong>Pokud m\u00e1te pot\u00ed\u017ee s p\u0159\u00edstupem nebo navigac\u00ed na na\u0161e str\u00e1nky nebo pokud se domn\u00edv\u00e1te, \u017ee n\u011bkter\u00fd obsah, funkce nebo funkce nejsou pln\u011b p\u0159\u00edstupn\u00e9 osob\u00e1m se zdravotn\u00edm posti\u017een\u00edm, obra\u0165te se na n\u00e1s na adrese info@pxl-home.com a do p\u0159edm\u011btu zpr\u00e1vy uve\u010fte \"P\u0159\u00edstup na webov\u00e9 str\u00e1nky\". Popi\u0161te pros\u00edm konkr\u00e9tn\u00ed probl\u00e9m, se kter\u00fdm jste se setkali, nebo uve\u010fte n\u00e1vrhy na zlep\u0161en\u00ed.<\/p>\n\n\n\n<p><strong>C.<\/strong> V\u00e1\u017e\u00edme si va\u0161\u00ed zp\u011btn\u00e9 vazby a bereme ji v\u00e1\u017en\u011b. Va\u0161e p\u0159ipom\u00ednky n\u00e1m pom\u00e1haj\u00ed hledat zp\u016fsoby, jak zlep\u0161it p\u0159\u00edstupnost pro v\u0161echny u\u017eivatele a udr\u017eet soulad s na\u0161imi z\u00e1sadami p\u0159\u00edstupnosti.<\/p>\n\n\n\n<p><strong>D. <\/strong>P\u0159esto\u017ee nem\u016f\u017eeme kontrolovat poskytovatele obsahu t\u0159et\u00edch stran, d\u016frazn\u011b je vyz\u00fdv\u00e1me, aby sv\u00e9 digit\u00e1ln\u00ed nab\u00eddky zp\u0159\u00edstupnili a u\u010dinili je u\u017eivatelsky p\u0159\u00edv\u011btiv\u00fdmi.<\/p>\n\n\n\n<p><strong>E.<\/strong> M\u00e1te-li jak\u00e9koli dotazy nebo p\u0159ipom\u00ednky k na\u0161emu prohl\u00e1\u0161en\u00ed o p\u0159\u00edstupnosti, kontaktujte n\u00e1s pros\u00edm na adrese:<\/p>\n\n\n\n<figure class=\"wp-block-table\"><table class=\"has-fixed-layout\"><tbody><tr><td><strong>Telefon:<\/strong> <br><a href=\"tel:+420910927699\">+420910927699<\/a><\/td><\/tr><tr><td><strong>E-mail:<\/strong> <br><a href=\"mailto:info@pxl-home.com\">info@pxl-home.com<\/a><\/td><\/tr><tr><td><strong>Kontaktn\u00ed formul\u00e1\u0159<\/strong>: <br><a href=\"https:\/\/pxl-home.com\/cs\/reach-out\/\">https:\/\/pxl-home.com\/reach-out\/<\/a><\/td><\/tr><\/tbody><\/table><\/figure>\n<\/div><\/div>","protected":false},"excerpt":{"rendered":"<p>A. Pixelpoints s.r.o., registered at Pricna 1892\/4, Nove Mesto (Prague 1), 110 00 Prague, Czech Republic, with its registration number 23343010, and operating under the brand name PXL Home, is committed to making our website content accessible and user-friendly for everyone.\u2028 B. If you have difficulty accessing or navigating our site or if you believe [&hellip;]<\/p>","protected":false},"author":1,"featured_media":0,"parent":0,"menu_order":0,"comment_status":"closed","ping_status":"closed","template":"templates-pages\/policy.php","meta":{"_acf_changed":false,"footnotes":""},"class_list":["post-1375","page","type-page","status-publish","hentry"],"acf":[],"yoast_head":"<!-- This site is optimized with the Yoast SEO plugin v27.4 - https:\/\/yoast.com\/product\/yoast-seo-wordpress\/ -->\n<title>Accessibility Statement - pxl-home.com<\/title>\n<meta name=\"robots\" content=\"index, follow, max-snippet:-1, max-image-preview:large, max-video-preview:-1\" \/>\n<link rel=\"canonical\" href=\"https:\/\/pxl-home.com\/cs\/accessibility-statement\/\" \/>\n<meta property=\"og:locale\" content=\"cs_CZ\" \/>\n<meta property=\"og:type\" content=\"article\" \/>\n<meta property=\"og:title\" content=\"Accessibility Statement - pxl-home.com\" \/>\n<meta property=\"og:description\" content=\"A. Pixelpoints s.r.o., registered at Pricna 1892\/4, Nove Mesto (Prague 1), 110 00 Prague, Czech Republic, with its registration number 23343010, and operating under the brand name PXL Home, is committed to making our website content accessible and user-friendly for everyone.\u2028 B. If you have difficulty accessing or navigating our site or if you believe [&hellip;]\" \/>\n<meta property=\"og:url\" content=\"https:\/\/pxl-home.com\/cs\/accessibility-statement\/\" \/>\n<meta property=\"og:site_name\" content=\"pxl-home.com\" \/>\n<meta property=\"article:modified_time\" content=\"2025-08-12T08:52:24+00:00\" \/>\n<meta name=\"twitter:card\" content=\"summary_large_image\" \/>\n<meta name=\"twitter:label1\" content=\"Odhadovan\u00e1 doba \u010dten\u00ed\" \/>\n\t<meta name=\"twitter:data1\" content=\"1 minuta\" \/>\n<script type=\"application\/ld+json\" class=\"yoast-schema-graph\">{\"@context\":\"https:\\\/\\\/schema.org\",\"@graph\":[{\"@type\":\"WebPage\",\"@id\":\"https:\\\/\\\/pxl-home.com\\\/accessibility-statement\\\/\",\"url\":\"https:\\\/\\\/pxl-home.com\\\/accessibility-statement\\\/\",\"name\":\"Accessibility Statement - pxl-home.com\",\"isPartOf\":{\"@id\":\"https:\\\/\\\/pxl-home.com\\\/#website\"},\"datePublished\":\"2025-08-07T08:14:46+00:00\",\"dateModified\":\"2025-08-12T08:52:24+00:00\",\"breadcrumb\":{\"@id\":\"https:\\\/\\\/pxl-home.com\\\/accessibility-statement\\\/#breadcrumb\"},\"inLanguage\":\"cs\",\"potentialAction\":[{\"@type\":\"ReadAction\",\"target\":[\"https:\\\/\\\/pxl-home.com\\\/accessibility-statement\\\/\"]}]},{\"@type\":\"BreadcrumbList\",\"@id\":\"https:\\\/\\\/pxl-home.com\\\/accessibility-statement\\\/#breadcrumb\",\"itemListElement\":[{\"@type\":\"ListItem\",\"position\":1,\"name\":\"Home\",\"item\":\"https:\\\/\\\/pxl-home.com\\\/\"},{\"@type\":\"ListItem\",\"position\":2,\"name\":\"Accessibility Statement\"}]},{\"@type\":\"WebSite\",\"@id\":\"https:\\\/\\\/pxl-home.com\\\/#website\",\"url\":\"https:\\\/\\\/pxl-home.com\\\/\",\"name\":\"pxl-home.com\",\"description\":\"\",\"potentialAction\":[{\"@type\":\"SearchAction\",\"target\":{\"@type\":\"EntryPoint\",\"urlTemplate\":\"https:\\\/\\\/pxl-home.com\\\/?s={search_term_string}\"},\"query-input\":{\"@type\":\"PropertyValueSpecification\",\"valueRequired\":true,\"valueName\":\"search_term_string\"}}],\"inLanguage\":\"cs\"}]}<\/script>\n<!-- \/ Yoast SEO plugin. -->","yoast_head_json":{"title":"Accessibility Statement - pxl-home.com","robots":{"index":"index","follow":"follow","max-snippet":"max-snippet:-1","max-image-preview":"max-image-preview:large","max-video-preview":"max-video-preview:-1"},"canonical":"https:\/\/pxl-home.com\/cs\/accessibility-statement\/","og_locale":"cs_CZ","og_type":"article","og_title":"Accessibility Statement - pxl-home.com","og_description":"A. Pixelpoints s.r.o., registered at Pricna 1892\/4, Nove Mesto (Prague 1), 110 00 Prague, Czech Republic, with its registration number 23343010, and operating under the brand name PXL Home, is committed to making our website content accessible and user-friendly for everyone.\u2028 B. If you have difficulty accessing or navigating our site or if you believe [&hellip;]","og_url":"https:\/\/pxl-home.com\/cs\/accessibility-statement\/","og_site_name":"pxl-home.com","article_modified_time":"2025-08-12T08:52:24+00:00","twitter_card":"summary_large_image","twitter_misc":{"Odhadovan\u00e1 doba \u010dten\u00ed":"1 minuta"},"schema":{"@context":"https:\/\/schema.org","@graph":[{"@type":"WebPage","@id":"https:\/\/pxl-home.com\/accessibility-statement\/","url":"https:\/\/pxl-home.com\/accessibility-statement\/","name":"Accessibility Statement - pxl-home.com","isPartOf":{"@id":"https:\/\/pxl-home.com\/#website"},"datePublished":"2025-08-07T08:14:46+00:00","dateModified":"2025-08-12T08:52:24+00:00","breadcrumb":{"@id":"https:\/\/pxl-home.com\/accessibility-statement\/#breadcrumb"},"inLanguage":"cs","potentialAction":[{"@type":"ReadAction","target":["https:\/\/pxl-home.com\/accessibility-statement\/"]}]},{"@type":"BreadcrumbList","@id":"https:\/\/pxl-home.com\/accessibility-statement\/#breadcrumb","itemListElement":[{"@type":"ListItem","position":1,"name":"Home","item":"https:\/\/pxl-home.com\/"},{"@type":"ListItem","position":2,"name":"Accessibility Statement"}]},{"@type":"WebSite","@id":"https:\/\/pxl-home.com\/#website","url":"https:\/\/pxl-home.com\/","name":"pxl-home.com","description":"","potentialAction":[{"@type":"SearchAction","target":{"@type":"EntryPoint","urlTemplate":"https:\/\/pxl-home.com\/?s={search_term_string}"},"query-input":{"@type":"PropertyValueSpecification","valueRequired":true,"valueName":"search_term_string"}}],"inLanguage":"cs"}]}},"_links":{"self":[{"href":"https:\/\/pxl-home.com\/cs\/wp-json\/wp\/v2\/pages\/1375","targetHints":{"allow":["GET"]}}],"collection":[{"href":"https:\/\/pxl-home.com\/cs\/wp-json\/wp\/v2\/pages"}],"about":[{"href":"https:\/\/pxl-home.com\/cs\/wp-json\/wp\/v2\/types\/page"}],"author":[{"embeddable":true,"href":"https:\/\/pxl-home.com\/cs\/wp-json\/wp\/v2\/users\/1"}],"replies":[{"embeddable":true,"href":"https:\/\/pxl-home.com\/cs\/wp-json\/wp\/v2\/comments?post=1375"}],"version-history":[{"count":2,"href":"https:\/\/pxl-home.com\/cs\/wp-json\/wp\/v2\/pages\/1375\/revisions"}],"predecessor-version":[{"id":1449,"href":"https:\/\/pxl-home.com\/cs\/wp-json\/wp\/v2\/pages\/1375\/revisions\/1449"}],"wp:attachment":[{"href":"https:\/\/pxl-home.com\/cs\/wp-json\/wp\/v2\/media?parent=1375"}],"curies":[{"name":"wp","href":"https:\/\/api.w.org\/{rel}","templated":true}]}}